{"id":1608,"date":"2024-09-19T22:40:22","date_gmt":"2024-09-19T20:40:22","guid":{"rendered":"https:\/\/mueblesyelca.com\/?page_id=1608"},"modified":"2024-09-23T14:28:48","modified_gmt":"2024-09-23T12:28:48","slug":"aviso-legal","status":"publish","type":"page","link":"https:\/\/mueblesyelca.com\/en\/legal-notice\/","title":{"rendered":"Legal Notice"},"content":{"rendered":"<p><strong>Titularidad del Sitio Web<\/strong><\/p>\n<p>El presente Aviso Legal regula el uso del sitio web [<a href=\"http:\/\/www.mueblesyelca.es\" target=\"_new\" rel=\"noopener\">www.mueblesyelca.es<\/a>] (en adelante, \u201cSitio Web\u201d), de la que es titular MAY CONTRACT,S.L., con domicilio en Avenida Paz n\u00fam. 170, (30510), Yecla,\u00a0 Murcia, Espa\u00f1a, y con NIF B73991945.<\/p>\n<p><strong>Condiciones de Uso<\/strong><\/p>\n<p>El acceso y uso del Sitio Web atribuye la condici\u00f3n de usuario e implica la aceptaci\u00f3n de las condiciones de uso aqu\u00ed expuestas.<\/p>\n<p><strong>Propiedad Intelectual e Industrial<\/strong><\/p>\n<p>Todos los contenidos del Sitio Web (textos, im\u00e1genes, gr\u00e1ficos, software, etc.) son propiedad exclusiva de Muebles Yelca, salvo que se indique lo contrario. Queda prohibida su reproducci\u00f3n, distribuci\u00f3n o modificaci\u00f3n sin autorizaci\u00f3n previa.<\/p>\n<p><strong>Protecci\u00f3n de Datos<\/strong><\/p>\n<p>Los datos personales recogidos a trav\u00e9s del Sitio Web ser\u00e1n tratados conforme a lo establecido en nuestra Pol\u00edtica de Privacidad.<\/p>\n<p><strong>Responsabilidad<\/strong><\/p>\n<p>Muebles Yelca no se responsabiliza de los posibles da\u00f1os derivados del uso del Sitio Web o de sus contenidos.<\/p>\n<p><strong>Modificaciones<\/strong><\/p>\n<p>Muebles Yelca se reserva el derecho de modificar en cualquier momento las presentes condiciones.<\/p>\n<p><strong>Legislaci\u00f3n y Jurisdicci\u00f3n Aplicable<\/strong><\/p>\n<p>Este Aviso Legal se rige por la legislaci\u00f3n espa\u00f1ola. Para la resoluci\u00f3n de cualquier controversia que pudiera surgir en relaci\u00f3n con el uso del Sitio Web, las partes se someten a la jurisdicci\u00f3n de los tribunales de Yecla, Murcia, Espa\u00f1a.<\/p>\n","protected":false},"excerpt":{"rendered":"<p>Titularidad del Sitio Web El presente Aviso Legal regula el uso del sitio web [www.mueblesyelca.es] (en adelante, \u201cSitio Web\u201d), de la que es titular MAY CONTRACT,S.L., con domicilio en Avenida Paz n\u00fam. 170, (30510), Yecla,\u00a0 Murcia, Espa\u00f1a, y con NIF B73991945. Condiciones de Uso El acceso y uso del Sitio Web atribuye la condici\u00f3n de [&hellip;]<\/p>\n","protected":false},"author":1,"featured_media":0,"parent":0,"menu_order":0,"comment_status":"closed","ping_status":"closed","template":"","meta":{"footnotes":""},"class_list":["post-1608","page","type-page","status-publish","hentry"],"blocksy_meta":[],"_links":{"self":[{"href":"https:\/\/mueblesyelca.com\/en\/wp-json\/wp\/v2\/pages\/1608","targetHints":{"allow":["GET"]}}],"collection":[{"href":"https:\/\/mueblesyelca.com\/en\/wp-json\/wp\/v2\/pages"}],"about":[{"href":"https:\/\/mueblesyelca.com\/en\/wp-json\/wp\/v2\/types\/page"}],"author":[{"embeddable":true,"href":"https:\/\/mueblesyelca.com\/en\/wp-json\/wp\/v2\/users\/1"}],"replies":[{"embeddable":true,"href":"https:\/\/mueblesyelca.com\/en\/wp-json\/wp\/v2\/comments?post=1608"}],"version-history":[{"count":3,"href":"https:\/\/mueblesyelca.com\/en\/wp-json\/wp\/v2\/pages\/1608\/revisions"}],"predecessor-version":[{"id":1651,"href":"https:\/\/mueblesyelca.com\/en\/wp-json\/wp\/v2\/pages\/1608\/revisions\/1651"}],"wp:attachment":[{"href":"https:\/\/mueblesyelca.com\/en\/wp-json\/wp\/v2\/media?parent=1608"}],"curies":[{"name":"wp","href":"https:\/\/api.w.org\/{rel}","templated":true}]}}