{"id":1610,"date":"2024-09-19T22:43:27","date_gmt":"2024-09-19T20:43:27","guid":{"rendered":"https:\/\/mueblesyelca.com\/?page_id=1610"},"modified":"2024-09-19T22:43:45","modified_gmt":"2024-09-19T20:43:45","slug":"politica-de-privacidad","status":"publish","type":"page","link":"https:\/\/mueblesyelca.com\/en\/privacy-policy-2\/","title":{"rendered":"Privacy Policy"},"content":{"rendered":"<p><strong>Responsable del Tratamiento de Datos<\/strong><\/p>\n<p>Muebles Yelca se compromete a proteger la privacidad de los usuarios. Los datos personales facilitados ser\u00e1n tratados conforme a lo establecido en la legislaci\u00f3n vigente en materia de protecci\u00f3n de datos.<\/p>\n<p><strong>Finalidad del Tratamiento<\/strong><\/p>\n<p>Los datos personales ser\u00e1n utilizados para:<\/p>\n<ul>\n<li>Gestionar las solicitudes de informaci\u00f3n o servicios.<\/li>\n<li>Enviar comunicaciones comerciales, si se ha dado consentimiento.<\/li>\n<\/ul>\n<p><strong>Legitimaci\u00f3n<\/strong><\/p>\n<p>El tratamiento de datos se realiza con el consentimiento del usuario o para la ejecuci\u00f3n de un contrato.<\/p>\n<p><strong>Derechos de los Usuarios<\/strong><\/p>\n<p>Los usuarios pueden ejercer sus derechos de acceso, rectificaci\u00f3n, cancelaci\u00f3n y oposici\u00f3n enviando una solicitud a [<a href=\"https:\/\/mueblesyelca.com\/contacto\/\" rel=\"noopener\">Contacto<\/a>].<\/p>\n<p><strong>Destinatarios de los Datos<\/strong><\/p>\n<p>Muebles Yelca no ceder\u00e1 datos personales a terceros, salvo obligaci\u00f3n legal.<\/p>\n<p><strong>Medidas de Seguridad<\/strong><\/p>\n<p>Se aplican medidas t\u00e9cnicas y organizativas para garantizar la seguridad de los datos personales.<\/p>\n<p><strong>Modificaciones<\/strong><\/p>\n<p>Muebles Yelca se reserva el derecho de modificar esta pol\u00edtica para adaptarla a novedades legislativas o pr\u00e1cticas del sector.<\/p>\n","protected":false},"excerpt":{"rendered":"<p>Responsable del Tratamiento de Datos Muebles Yelca se compromete a proteger la privacidad de los usuarios. Los datos personales facilitados ser\u00e1n tratados conforme a lo establecido en la legislaci\u00f3n vigente en materia de protecci\u00f3n de datos. Finalidad del Tratamiento Los datos personales ser\u00e1n utilizados para: Gestionar las solicitudes de informaci\u00f3n o servicios. Enviar comunicaciones comerciales, [&hellip;]<\/p>\n","protected":false},"author":1,"featured_media":0,"parent":0,"menu_order":0,"comment_status":"closed","ping_status":"closed","template":"","meta":{"footnotes":""},"class_list":["post-1610","page","type-page","status-publish","hentry"],"blocksy_meta":[],"_links":{"self":[{"href":"https:\/\/mueblesyelca.com\/en\/wp-json\/wp\/v2\/pages\/1610","targetHints":{"allow":["GET"]}}],"collection":[{"href":"https:\/\/mueblesyelca.com\/en\/wp-json\/wp\/v2\/pages"}],"about":[{"href":"https:\/\/mueblesyelca.com\/en\/wp-json\/wp\/v2\/types\/page"}],"author":[{"embeddable":true,"href":"https:\/\/mueblesyelca.com\/en\/wp-json\/wp\/v2\/users\/1"}],"replies":[{"embeddable":true,"href":"https:\/\/mueblesyelca.com\/en\/wp-json\/wp\/v2\/comments?post=1610"}],"version-history":[{"count":2,"href":"https:\/\/mueblesyelca.com\/en\/wp-json\/wp\/v2\/pages\/1610\/revisions"}],"predecessor-version":[{"id":1612,"href":"https:\/\/mueblesyelca.com\/en\/wp-json\/wp\/v2\/pages\/1610\/revisions\/1612"}],"wp:attachment":[{"href":"https:\/\/mueblesyelca.com\/en\/wp-json\/wp\/v2\/media?parent=1610"}],"curies":[{"name":"wp","href":"https:\/\/api.w.org\/{rel}","templated":true}]}}