{"id":1613,"date":"2024-09-19T22:46:05","date_gmt":"2024-09-19T20:46:05","guid":{"rendered":"https:\/\/mueblesyelca.com\/?page_id=1613"},"modified":"2024-09-19T22:46:05","modified_gmt":"2024-09-19T20:46:05","slug":"politica-de-cookies","status":"publish","type":"page","link":"https:\/\/mueblesyelca.com\/en\/cookies-policy\/","title":{"rendered":"Cookies Policy"},"content":{"rendered":"<p>En <strong>Muebles Yelca<\/strong> utilizamos cookies para mejorar la experiencia de usuario en nuestro sitio web [<a href=\"http:\/\/www.mueblesyelca.es\" target=\"_new\" rel=\"noopener\">www.mueblesyelca.es<\/a>]. A continuaci\u00f3n, te explicamos qu\u00e9 son las cookies, qu\u00e9 tipo utilizamos y c\u00f3mo puedes gestionarlas.<\/p>\n<p><strong>\u00bfQu\u00e9 son las Cookies?<\/strong><br \/>\nLas cookies son peque\u00f1os archivos de texto que se almacenan en tu dispositivo al visitar nuestro sitio web. Nos ayudan a recordar tus preferencias y a analizar el uso del sitio para mejorar nuestros servicios.<\/p>\n<p><strong>Tipos de Cookies Utilizadas:<\/strong><\/p>\n<ul>\n<li><strong>Cookies T\u00e9cnicas:<\/strong> Necesarias para el funcionamiento del sitio.<\/li>\n<li><strong>Cookies de An\u00e1lisis:<\/strong> Recopilan datos an\u00f3nimos sobre c\u00f3mo interact\u00faas con el sitio.<\/li>\n<li><strong>Cookies de Personalizaci\u00f3n:<\/strong> Recuerdan tus preferencias para ofrecerte una mejor experiencia.<\/li>\n<\/ul>\n<p><strong>Gesti\u00f3n de Cookies<\/strong><br \/>\nPuedes configurar tu navegador para aceptar o rechazar las cookies, o eliminarlas despu\u00e9s de cada sesi\u00f3n. Ten en cuenta que algunas funcionalidades del sitio pueden verse afectadas si desactivas las cookies.<\/p>\n<p><strong>Modificaciones de la Pol\u00edtica de Cookies<\/strong><br \/>\nMuebles Yelca se reserva el derecho de modificar esta pol\u00edtica para adaptarla a cambios legislativos o nuevas funcionalidades del sitio.<\/p>\n<p>Para m\u00e1s informaci\u00f3n sobre c\u00f3mo gestionar las cookies en tu navegador, consulta la secci\u00f3n de ayuda del mismo.<\/p>\n","protected":false},"excerpt":{"rendered":"<p>En Muebles Yelca utilizamos cookies para mejorar la experiencia de usuario en nuestro sitio web [www.mueblesyelca.es]. A continuaci\u00f3n, te explicamos qu\u00e9 son las cookies, qu\u00e9 tipo utilizamos y c\u00f3mo puedes gestionarlas. \u00bfQu\u00e9 son las Cookies? Las cookies son peque\u00f1os archivos de texto que se almacenan en tu dispositivo al visitar nuestro sitio web. Nos ayudan [&hellip;]<\/p>\n","protected":false},"author":1,"featured_media":0,"parent":0,"menu_order":0,"comment_status":"closed","ping_status":"closed","template":"","meta":{"footnotes":""},"class_list":["post-1613","page","type-page","status-publish","hentry"],"blocksy_meta":[],"_links":{"self":[{"href":"https:\/\/mueblesyelca.com\/en\/wp-json\/wp\/v2\/pages\/1613","targetHints":{"allow":["GET"]}}],"collection":[{"href":"https:\/\/mueblesyelca.com\/en\/wp-json\/wp\/v2\/pages"}],"about":[{"href":"https:\/\/mueblesyelca.com\/en\/wp-json\/wp\/v2\/types\/page"}],"author":[{"embeddable":true,"href":"https:\/\/mueblesyelca.com\/en\/wp-json\/wp\/v2\/users\/1"}],"replies":[{"embeddable":true,"href":"https:\/\/mueblesyelca.com\/en\/wp-json\/wp\/v2\/comments?post=1613"}],"version-history":[{"count":1,"href":"https:\/\/mueblesyelca.com\/en\/wp-json\/wp\/v2\/pages\/1613\/revisions"}],"predecessor-version":[{"id":1614,"href":"https:\/\/mueblesyelca.com\/en\/wp-json\/wp\/v2\/pages\/1613\/revisions\/1614"}],"wp:attachment":[{"href":"https:\/\/mueblesyelca.com\/en\/wp-json\/wp\/v2\/media?parent=1613"}],"curies":[{"name":"wp","href":"https:\/\/api.w.org\/{rel}","templated":true}]}}